{"id":9794,"date":"2023-03-12T21:41:20","date_gmt":"2023-03-12T20:41:20","guid":{"rendered":"https:\/\/www.jeles.si\/?page_id=9794"},"modified":"2023-04-28T20:51:37","modified_gmt":"2023-04-28T18:51:37","slug":"narocilo-vzorcev","status":"publish","type":"page","link":"https:\/\/www.jeles.si\/en\/narocilo-vzorcev\/","title":{"rendered":"Naro\u010dilo vzorcev"},"content":{"rendered":"<h2 class=\"uppercase\"><strong>NARO\u010cILO VZORCEV<\/strong><\/h2>\n<h4 class=\"thin-font\">Prosimo izpolnite spodnji obrazec in poslali vam bomo brezpla\u010den vzorec izbranega izdelka<\/h4>\n<div class=\"wpforms-container wpforms-container-full\" id=\"wpforms-9789\"><form id=\"wpforms-form-9789\" class=\"wpforms-validate wpforms-form wpforms-ajax-form\" data-formid=\"9789\" method=\"post\" enctype=\"multipart\/form-data\" action=\"\/en\/wp-json\/wp\/v2\/pages\/9794\" data-token=\"9a740734b6e87d781f4154c78ef75b2b\" data-token-time=\"1776639604\" data-trp-original-action=\"\/en\/wp-json\/wp\/v2\/pages\/9794\"><noscript class=\"wpforms-error-noscript\">Please enable JavaScript in your browser to complete this form.<\/noscript><div class=\"wpforms-field-container\"><div id=\"wpforms-9789-field_1-container\" class=\"wpforms-field wpforms-field-name\" data-field-id=\"1\"><label class=\"wpforms-field-label\" for=\"wpforms-9789-field_1\">Name and Surname <span class=\"wpforms-required-label\">*<\/span><\/label><input type=\"text\" id=\"wpforms-9789-field_1\" class=\"wpforms-field-medium wpforms-field-required\" name=\"wpforms[fields][1]\" required><\/div><div id=\"wpforms-9789-field_28-container\" class=\"wpforms-field wpforms-field-name\" data-field-id=\"28\"><label class=\"wpforms-field-label\" for=\"wpforms-9789-field_28\">Podjetje:<\/label><input type=\"text\" id=\"wpforms-9789-field_28\" class=\"wpforms-field-medium\" name=\"wpforms[fields][28]\" ><\/div><div id=\"wpforms-9789-field_3-container\" class=\"wpforms-field wpforms-field-email\" data-field-id=\"3\"><label class=\"wpforms-field-label\" for=\"wpforms-9789-field_3\">E-mail: <span class=\"wpforms-required-label\">*<\/span><\/label><input type=\"email\" id=\"wpforms-9789-field_3\" class=\"wpforms-field-medium wpforms-field-required\" name=\"wpforms[fields][3]\" spellcheck=\"false\" required><\/div><div id=\"wpforms-9789-field_32-container\" class=\"wpforms-field wpforms-field-name\" data-field-id=\"32\"><label class=\"wpforms-field-label\" for=\"wpforms-9789-field_32\">Phone:<\/label><input type=\"text\" id=\"wpforms-9789-field_32\" class=\"wpforms-field-medium\" name=\"wpforms[fields][32]\" ><\/div><div id=\"wpforms-9789-field_5-container\" class=\"wpforms-field wpforms-field-text\" data-field-id=\"5\"><label class=\"wpforms-field-label\" for=\"wpforms-9789-field_5\">Address <span class=\"wpforms-required-label\">*<\/span><\/label><input type=\"text\" id=\"wpforms-9789-field_5\" class=\"wpforms-field-medium wpforms-field-required\" name=\"wpforms[fields][5]\" required><\/div><div id=\"wpforms-9789-field_29-container\" class=\"wpforms-field wpforms-field-text\" data-field-id=\"29\"><label class=\"wpforms-field-label\" for=\"wpforms-9789-field_29\">Po\u0161tna \u0161t. in mesto <span class=\"wpforms-required-label\">*<\/span><\/label><input type=\"text\" id=\"wpforms-9789-field_29\" class=\"wpforms-field-medium wpforms-field-required\" name=\"wpforms[fields][29]\" required><\/div><div id=\"wpforms-9789-field_22-container\" class=\"wpforms-field wpforms-field-select wpforms-field-select-style-modern\" data-field-id=\"22\"><label class=\"wpforms-field-label\" for=\"wpforms-9789-field_22\">Ste \u017ee na\u0161a stranka? <span class=\"wpforms-required-label\">*<\/span><\/label><select id=\"wpforms-9789-field_22\" class=\"wpforms-field-medium wpforms-field-required choicesjs-select\" data-size-class=\"wpforms-field-row wpforms-field-medium\" data-search-enabled=\"\" name=\"wpforms[fields][22]\" required=\"required\"><option value=\"\" class=\"placeholder\" disabled selected='selected'>Da<\/option><option value=\"Da\" >Da<\/option><option value=\"Ne\" >Ne<\/option><\/select><\/div><div id=\"wpforms-9789-field_6-container\" class=\"wpforms-field wpforms-field-select wpforms-field-select-style-modern\" data-field-id=\"6\"><label class=\"wpforms-field-label\" for=\"wpforms-9789-field_6\">Prodajni program: <span class=\"wpforms-required-label\">*<\/span><\/label><select id=\"wpforms-9789-field_6\" class=\"wpforms-field-medium wpforms-field-required choicesjs-select\" data-size-class=\"wpforms-field-row wpforms-field-medium\" data-search-enabled=\"1\" name=\"wpforms[fields][6]\" required=\"required\"><option value=\"\" class=\"placeholder\" disabled selected='selected'>Naravni furnir<\/option><option value=\"Naravni furnir\" >Naravni furnir<\/option><option value=\"Vrtni materiali\" >Vrtni materiali<\/option><option value=\"\u017dagan les\" >Sawn wood<\/option><option value=\"Alpi\" >Alpi<\/option><option value=\"Arpa Industriale\" >Arpa Industriale<\/option><option value=\"Fenix\" >Fenix<\/option><option value=\"Homapal\" >Homapal<\/option><option value=\"Robni trakovi\" >Edge-Banding Tapes<\/option><\/select><\/div><div id=\"wpforms-9789-field_27-container\" class=\"wpforms-field wpforms-field-textarea\" data-field-id=\"27\"><label class=\"wpforms-field-label\" for=\"wpforms-9789-field_27\">Kateri vzorec \u017eelite? <span class=\"wpforms-required-label\">*<\/span><\/label><textarea id=\"wpforms-9789-field_27\" class=\"wpforms-field-medium wpforms-field-required\" name=\"wpforms[fields][27]\" required><\/textarea><div class=\"wpforms-field-description\">Napi\u0161ite ime ali kodo va\u0161ih \u017eeljenih vzorcev<\/div><\/div><\/div><!-- .wpforms-field-container --><div class=\"wpforms-recaptcha-container wpforms-is-recaptcha wpforms-is-recaptcha-type-v3\" ><input type=\"hidden\" name=\"wpforms[recaptcha]\" value=\"\"><\/div><div class=\"wpforms-submit-container\" ><input type=\"hidden\" name=\"wpforms[id]\" value=\"9789\"><input type=\"hidden\" name=\"page_title\" value=\"\"><input type=\"hidden\" name=\"page_url\" value=\"https:\/\/www.jeles.si\/en\/wp-json\/wp\/v2\/pages\/9794\"><button type=\"submit\" name=\"wpforms[submit]\" id=\"wpforms-submit-9789\" class=\"wpforms-submit\" data-alt-text=\"Obdelujemo...\" data-submit-text=\"Po\u0161lji\" aria-live=\"assertive\" value=\"wpforms-submit\">Po\u0161lji<\/button><img loading=\"lazy\" decoding=\"async\" src=\"https:\/\/www.jeles.si\/wp-content\/plugins\/wpforms-lite\/assets\/images\/submit-spin.svg\" class=\"wpforms-submit-spinner\" style=\"display: none;\" width=\"26\" height=\"26\" alt=\"Loading\"><\/div><input type=\"hidden\" name=\"trp-form-language\" value=\"en\"\/><\/form><\/div>  <!-- .wpforms-container -->","protected":false},"excerpt":{"rendered":"<p>NARO\u010cILO VZORCEV Prosimo izpolnite spodnji obrazec in poslali vam bomo brezpla\u010den vzorec izbranega izdelka<\/p>","protected":false},"author":2,"featured_media":0,"parent":0,"menu_order":0,"comment_status":"closed","ping_status":"closed","template":"","meta":{"footnotes":""},"class_list":["post-9794","page","type-page","status-publish","hentry"],"yoast_head":"<!-- This site is optimized with the Yoast SEO plugin v23.3 - https:\/\/yoast.com\/wordpress\/plugins\/seo\/ -->\n<title>Naro\u010dilo vzorcev - JELES<\/title>\n<meta name=\"robots\" content=\"index, follow, max-snippet:-1, max-image-preview:large, max-video-preview:-1\" \/>\n<link rel=\"canonical\" href=\"https:\/\/www.jeles.si\/en\/narocilo-vzorcev\/\" \/>\n<meta property=\"og:locale\" content=\"en_GB\" \/>\n<meta property=\"og:type\" content=\"article\" \/>\n<meta property=\"og:title\" content=\"Naro\u010dilo vzorcev - JELES\" \/>\n<meta property=\"og:description\" content=\"NARO\u010cILO VZORCEV Prosimo izpolnite spodnji obrazec in poslali vam bomo brezpla\u010den vzorec izbranega izdelka\" \/>\n<meta property=\"og:url\" content=\"https:\/\/www.jeles.si\/en\/narocilo-vzorcev\/\" \/>\n<meta property=\"og:site_name\" content=\"JELES\" \/>\n<meta property=\"article:publisher\" content=\"https:\/\/www.facebook.com\/jelesdoo\/\" \/>\n<meta property=\"article:modified_time\" content=\"2023-04-28T18:51:37+00:00\" \/>\n<meta name=\"twitter:card\" content=\"summary_large_image\" \/>\n<script type=\"application\/ld+json\" class=\"yoast-schema-graph\">{\"@context\":\"https:\/\/schema.org\",\"@graph\":[{\"@type\":\"WebPage\",\"@id\":\"https:\/\/www.jeles.si\/narocilo-vzorcev\/\",\"url\":\"https:\/\/www.jeles.si\/narocilo-vzorcev\/\",\"name\":\"Naro\u010dilo vzorcev - JELES\",\"isPartOf\":{\"@id\":\"https:\/\/www.jeles.si\/#website\"},\"datePublished\":\"2023-03-12T20:41:20+00:00\",\"dateModified\":\"2023-04-28T18:51:37+00:00\",\"breadcrumb\":{\"@id\":\"https:\/\/www.jeles.si\/narocilo-vzorcev\/#breadcrumb\"},\"inLanguage\":\"en-GB\",\"potentialAction\":[{\"@type\":\"ReadAction\",\"target\":[\"https:\/\/www.jeles.si\/narocilo-vzorcev\/\"]}]},{\"@type\":\"BreadcrumbList\",\"@id\":\"https:\/\/www.jeles.si\/narocilo-vzorcev\/#breadcrumb\",\"itemListElement\":[{\"@type\":\"ListItem\",\"position\":1,\"name\":\"Home\",\"item\":\"https:\/\/www.jeles.si\/\"},{\"@type\":\"ListItem\",\"position\":2,\"name\":\"Naro\u010dilo vzorcev\"}]},{\"@type\":\"WebSite\",\"@id\":\"https:\/\/www.jeles.si\/#website\",\"url\":\"https:\/\/www.jeles.si\/\",\"name\":\"JELES\",\"description\":\"Proizvodnja in trgovina z lesom\",\"potentialAction\":[{\"@type\":\"SearchAction\",\"target\":{\"@type\":\"EntryPoint\",\"urlTemplate\":\"https:\/\/www.jeles.si\/?s={search_term_string}\"},\"query-input\":\"required name=search_term_string\"}],\"inLanguage\":\"en-GB\"}]}<\/script>\n<!-- \/ Yoast SEO plugin. -->","yoast_head_json":{"title":"Naro\u010dilo vzorcev - JELES","robots":{"index":"index","follow":"follow","max-snippet":"max-snippet:-1","max-image-preview":"max-image-preview:large","max-video-preview":"max-video-preview:-1"},"canonical":"https:\/\/www.jeles.si\/en\/narocilo-vzorcev\/","og_locale":"en_GB","og_type":"article","og_title":"Naro\u010dilo vzorcev - JELES","og_description":"NARO\u010cILO VZORCEV Prosimo izpolnite spodnji obrazec in poslali vam bomo brezpla\u010den vzorec izbranega izdelka","og_url":"https:\/\/www.jeles.si\/en\/narocilo-vzorcev\/","og_site_name":"JELES","article_publisher":"https:\/\/www.facebook.com\/jelesdoo\/","article_modified_time":"2023-04-28T18:51:37+00:00","twitter_card":"summary_large_image","schema":{"@context":"https:\/\/schema.org","@graph":[{"@type":"WebPage","@id":"https:\/\/www.jeles.si\/narocilo-vzorcev\/","url":"https:\/\/www.jeles.si\/narocilo-vzorcev\/","name":"Naro\u010dilo vzorcev - JELES","isPartOf":{"@id":"https:\/\/www.jeles.si\/#website"},"datePublished":"2023-03-12T20:41:20+00:00","dateModified":"2023-04-28T18:51:37+00:00","breadcrumb":{"@id":"https:\/\/www.jeles.si\/narocilo-vzorcev\/#breadcrumb"},"inLanguage":"en-GB","potentialAction":[{"@type":"ReadAction","target":["https:\/\/www.jeles.si\/narocilo-vzorcev\/"]}]},{"@type":"BreadcrumbList","@id":"https:\/\/www.jeles.si\/narocilo-vzorcev\/#breadcrumb","itemListElement":[{"@type":"ListItem","position":1,"name":"Home","item":"https:\/\/www.jeles.si\/"},{"@type":"ListItem","position":2,"name":"Naro\u010dilo vzorcev"}]},{"@type":"WebSite","@id":"https:\/\/www.jeles.si\/#website","url":"https:\/\/www.jeles.si\/","name":"JELES","description":"Proizvodnja in trgovina z lesom","potentialAction":[{"@type":"SearchAction","target":{"@type":"EntryPoint","urlTemplate":"https:\/\/www.jeles.si\/?s={search_term_string}"},"query-input":"required name=search_term_string"}],"inLanguage":"en-GB"}]}},"_links":{"self":[{"href":"https:\/\/www.jeles.si\/en\/wp-json\/wp\/v2\/pages\/9794","targetHints":{"allow":["GET"]}}],"collection":[{"href":"https:\/\/www.jeles.si\/en\/wp-json\/wp\/v2\/pages"}],"about":[{"href":"https:\/\/www.jeles.si\/en\/wp-json\/wp\/v2\/types\/page"}],"author":[{"embeddable":true,"href":"https:\/\/www.jeles.si\/en\/wp-json\/wp\/v2\/users\/2"}],"replies":[{"embeddable":true,"href":"https:\/\/www.jeles.si\/en\/wp-json\/wp\/v2\/comments?post=9794"}],"version-history":[{"count":5,"href":"https:\/\/www.jeles.si\/en\/wp-json\/wp\/v2\/pages\/9794\/revisions"}],"predecessor-version":[{"id":10025,"href":"https:\/\/www.jeles.si\/en\/wp-json\/wp\/v2\/pages\/9794\/revisions\/10025"}],"wp:attachment":[{"href":"https:\/\/www.jeles.si\/en\/wp-json\/wp\/v2\/media?parent=9794"}],"curies":[{"name":"wp","href":"https:\/\/api.w.org\/{rel}","templated":true}]}}