{"id":9937,"date":"2023-04-18T10:46:38","date_gmt":"2023-04-18T08:46:38","guid":{"rendered":"https:\/\/www.jeles.si\/?page_id=9937"},"modified":"2025-05-29T13:10:23","modified_gmt":"2025-05-29T11:10:23","slug":"zaposlitev","status":"publish","type":"page","link":"https:\/\/www.jeles.si\/en\/zaposlitev\/","title":{"rendered":"I\u0161\u010demo nove sodelavce"},"content":{"rendered":"<section class=\"section\" id=\"section_1127967446\">\n\t\t<div class=\"section-bg fill\" >\n\t\t\t\t\t\t\t\t\t\n\t\t\t\n\n\t\t<\/div>\n\n\t\t\n\n\t\t<div class=\"section-content relative\">\n\t\t\t\n<h1><a href=\"https:\/\/www.modre-novice.si\/pro\/postanite-del-ekipe-podjetja-jeles\/\">POSTANITE DEL NA\u0160E EKIPE<\/a><\/h1>\n\n  <div class=\"banner has-hover\" id=\"banner-159937837\">\n          <div class=\"banner-inner fill\">\n        <div class=\"banner-bg fill\" >\n            <img loading=\"lazy\" decoding=\"async\" width=\"2560\" height=\"1698\" src=\"https:\/\/www.jeles.si\/wp-content\/uploads\/2024\/02\/DJI_0267-1-scaled.jpg\" class=\"bg attachment-original size-original\" alt=\"Jeles zaposlitev\" \/>                                    \n\t<div class=\"is-border\"\n\t\tstyle=\"border-width:0px 0px 0px 0px;margin:44px 0px 0px 0px;\">\n\t<\/div>\n                    <\/div>\n\t\t\t<div class=\"ux-shape-divider ux-shape-divider--top ux-shape-divider--style-triangle-invert\">\n\t\t<svg viewbox=\"0 0 1000 100\" xmlns=\"http:\/\/www.w3.org\/2000\/svg\" preserveaspectratio=\"none\">\n\t<path class=\"ux-shape-fill\" d=\"M500 95.6L0 0V100H1000V0L500 95.6Z\"\/>\n<\/svg>\n\t<\/div>\n\n        <div class=\"banner-layers container\">\n            <div class=\"fill banner-link\"><\/div>            \n        <\/div>\n      <\/div>\n\n            \n<style>\n#banner-159937837 {\n  padding-top: 500px;\n}\n#banner-159937837 .banner-bg img {\n  object-position: 49% 0%;\n}\n#banner-159937837 .ux-shape-divider--top svg {\n  height: 77px;\n  --divider-top-width: 100%;\n}\n<\/style>\n  <\/div>\n\n\n\t<div id=\"gap-1086197164\" class=\"gap-element clearfix\" style=\"display:block; height:auto;\">\n\t\t\n<style>\n#gap-1086197164 {\n  padding-top: 20px;\n}\n<\/style>\n\t<\/div>\n\t\n<div>Podjetje JELES je na trgu prisotno ve\u010d kot trideset let in se \u017ee od za\u010detka ukvarja s proizvodnjo in spajanjem furnirja.<\/div>\n<div>V podjetju tr\u017eimo naraven furnir, umetno pridelan furnir (fine-line furnir), HPL plo\u0161\u010de, robne trakove, vezane plo\u0161\u010de, masivni les in pol izdelke za notranje prostore, terase in vrt.<\/div>\n<p><\/br><\/p>\n<div>Zaradi pove\u010danega obsega dela zaposlimo v na\u0161ih skladi\u0161\u010dnih prostorih nove sodelavce m\/\u017e na naslednjih podro\u010djih:<\/div>\n\t<div id=\"gap-792448545\" class=\"gap-element clearfix\" style=\"display:block; height:auto;\">\n\t\t\n<style>\n#gap-792448545 {\n  padding-top: 10px;\n}\n<\/style>\n\t<\/div>\n\t\n<div class=\"is-divider divider clearfix\" style=\"max-width:1051px;height:0.5px;background-color:rgba(0, 0, 0, 0.506);\"><\/div>\n\t<div id=\"text-1267373533\" class=\"text\">\n\t\t\n<p><strong><em>\u2022\u00a0 <\/em><a href=\"https:\/\/www.jeles.si\/en\/zaposlitev\/prodajni-predstavnik-za-hrvaski-trg\/\">Prodajni zastopnik za hrva\u0161ki trg<\/a><\/strong><\/p>\n<p><strong><em>\u2022\u00a0 <\/em>Vili\u010darist<\/strong><\/p>\n<p><strong><em>\u2022\u00a0 <\/em>Podpora prodaji<\/strong><\/p>\n<p><strong><em>\u2022\u00a0 <\/em>Proizvodni delavec \/ spajanje furnirja<\/strong><\/p>\n\t\t\n<style>\n#text-1267373533 {\n  font-size: 0.75rem;\n  text-align: left;\n}\n@media (min-width:550px) {\n  #text-1267373533 {\n    font-size: 1rem;\n  }\n}\n<\/style>\n\t<\/div>\n\t\n<div class=\"is-divider divider clearfix\" style=\"margin-top:0em;margin-bottom:0em;max-width:1051px;height:0.5px;background-color:rgba(0, 0, 0, 0.506);\"><\/div>\n\t<div id=\"gap-231857633\" class=\"gap-element clearfix\" style=\"display:block; height:auto;\">\n\t\t\n<style>\n#gap-231857633 {\n  padding-top: 20px;\n}\n<\/style>\n\t<\/div>\n\t\n\t<div id=\"gap-978792122\" class=\"gap-element clearfix\" style=\"display:block; height:auto;\">\n\t\t\n<style>\n#gap-978792122 {\n  padding-top: 15px;\n}\n<\/style>\n\t<\/div>\n\t\n\t<div id=\"text-2432975291\" class=\"text\">\n\t\t\n<div>Nudimo vam zaposlitev za dolo\u010den \u010das z mo\u017enostjo dolgoro\u010dne zaposlitve, urejenimi delovnimi razmerami in stimulativnimi delovnimi pogoji z enoizmenskim delom in prostimi konci tedna. Izku\u0161nje niso pogoj, bolj je pomembno, da imate veselje do dela in pozitiven odnos do sodelavcev, da se radi u\u010dite in da znate sodelovati z ekipo.<\/div>\n<div><\/div>\n<div><strong>Z delom lahko pri\u010dnete takoj.<\/strong><\/div>\n\t\t\n<style>\n#text-2432975291 {\n  font-size: 1rem;\n  text-align: center;\n}\n@media (min-width:550px) {\n  #text-2432975291 {\n    text-align: left;\n  }\n}\n<\/style>\n\t<\/div>\n\t\n\t<div id=\"gap-1782931850\" class=\"gap-element clearfix\" style=\"display:block; height:auto;\">\n\t\t\n<style>\n#gap-1782931850 {\n  padding-top: 30px;\n}\n<\/style>\n\t<\/div>\n\t\n\t<div id=\"text-1816774717\" class=\"text\">\n\t\t\n<h5 style=\"text-align: right;\">Va\u0161o vlogo z \u017eivljenjepisom po\u0161ljite na elektronski po\u0161tni naslov | <em><strong>info@jeles.si<\/strong><\/em><br \/>\nVe\u010d informacij vas \u010daka na spletni strani <a href=\"http:\/\/www.jeles.si\/en\/\">www.jeles.si<\/a> ali pa na telefonski \u0161tevilki | <em><strong>01 831 0666<\/strong><\/em><\/h5>\n\t\t\n<style>\n#text-1816774717 {\n  font-size: 0.75rem;\n}\n<\/style>\n\t<\/div>\n\t\n\t\t<\/div>\n\n\t\t\n<style>\n#section_1127967446 {\n  padding-top: 0px;\n  padding-bottom: 0px;\n}\n<\/style>\n\t<\/section>","protected":false},"excerpt":{"rendered":"","protected":false},"author":2,"featured_media":0,"parent":0,"menu_order":0,"comment_status":"closed","ping_status":"closed","template":"","meta":{"footnotes":""},"class_list":["post-9937","page","type-page","status-publish","hentry"],"yoast_head":"<!-- This site is optimized with the Yoast SEO plugin v23.3 - https:\/\/yoast.com\/wordpress\/plugins\/seo\/ -->\n<title>I\u0161\u010demo nove sodelavce - JELES<\/title>\n<meta name=\"robots\" content=\"index, follow, max-snippet:-1, max-image-preview:large, max-video-preview:-1\" \/>\n<link rel=\"canonical\" href=\"https:\/\/www.jeles.si\/en\/zaposlitev\/\" \/>\n<meta property=\"og:locale\" content=\"en_GB\" \/>\n<meta property=\"og:type\" content=\"article\" \/>\n<meta property=\"og:title\" content=\"I\u0161\u010demo nove sodelavce - JELES\" \/>\n<meta property=\"og:url\" content=\"https:\/\/www.jeles.si\/en\/zaposlitev\/\" \/>\n<meta property=\"og:site_name\" content=\"JELES\" \/>\n<meta property=\"article:publisher\" content=\"https:\/\/www.facebook.com\/jelesdoo\/\" \/>\n<meta property=\"article:modified_time\" content=\"2025-05-29T11:10:23+00:00\" \/>\n<meta name=\"twitter:card\" content=\"summary_large_image\" \/>\n<meta name=\"twitter:label1\" content=\"Estimated reading time\" \/>\n\t<meta name=\"twitter:data1\" content=\"2 minutes\" \/>\n<script type=\"application\/ld+json\" class=\"yoast-schema-graph\">{\"@context\":\"https:\/\/schema.org\",\"@graph\":[{\"@type\":\"WebPage\",\"@id\":\"https:\/\/www.jeles.si\/zaposlitev\/\",\"url\":\"https:\/\/www.jeles.si\/zaposlitev\/\",\"name\":\"I\u0161\u010demo nove sodelavce - JELES\",\"isPartOf\":{\"@id\":\"https:\/\/www.jeles.si\/#website\"},\"datePublished\":\"2023-04-18T08:46:38+00:00\",\"dateModified\":\"2025-05-29T11:10:23+00:00\",\"breadcrumb\":{\"@id\":\"https:\/\/www.jeles.si\/zaposlitev\/#breadcrumb\"},\"inLanguage\":\"en-GB\",\"potentialAction\":[{\"@type\":\"ReadAction\",\"target\":[\"https:\/\/www.jeles.si\/zaposlitev\/\"]}]},{\"@type\":\"BreadcrumbList\",\"@id\":\"https:\/\/www.jeles.si\/zaposlitev\/#breadcrumb\",\"itemListElement\":[{\"@type\":\"ListItem\",\"position\":1,\"name\":\"Home\",\"item\":\"https:\/\/www.jeles.si\/\"},{\"@type\":\"ListItem\",\"position\":2,\"name\":\"I\u0161\u010demo nove sodelavce\"}]},{\"@type\":\"WebSite\",\"@id\":\"https:\/\/www.jeles.si\/#website\",\"url\":\"https:\/\/www.jeles.si\/\",\"name\":\"JELES\",\"description\":\"Proizvodnja in trgovina z lesom\",\"potentialAction\":[{\"@type\":\"SearchAction\",\"target\":{\"@type\":\"EntryPoint\",\"urlTemplate\":\"https:\/\/www.jeles.si\/?s={search_term_string}\"},\"query-input\":\"required name=search_term_string\"}],\"inLanguage\":\"en-GB\"}]}<\/script>\n<!-- \/ Yoast SEO plugin. -->","yoast_head_json":{"title":"I\u0161\u010demo nove sodelavce - JELES","robots":{"index":"index","follow":"follow","max-snippet":"max-snippet:-1","max-image-preview":"max-image-preview:large","max-video-preview":"max-video-preview:-1"},"canonical":"https:\/\/www.jeles.si\/en\/zaposlitev\/","og_locale":"en_GB","og_type":"article","og_title":"I\u0161\u010demo nove sodelavce - JELES","og_url":"https:\/\/www.jeles.si\/en\/zaposlitev\/","og_site_name":"JELES","article_publisher":"https:\/\/www.facebook.com\/jelesdoo\/","article_modified_time":"2025-05-29T11:10:23+00:00","twitter_card":"summary_large_image","twitter_misc":{"Estimated reading time":"2 minutes"},"schema":{"@context":"https:\/\/schema.org","@graph":[{"@type":"WebPage","@id":"https:\/\/www.jeles.si\/zaposlitev\/","url":"https:\/\/www.jeles.si\/zaposlitev\/","name":"I\u0161\u010demo nove sodelavce - JELES","isPartOf":{"@id":"https:\/\/www.jeles.si\/#website"},"datePublished":"2023-04-18T08:46:38+00:00","dateModified":"2025-05-29T11:10:23+00:00","breadcrumb":{"@id":"https:\/\/www.jeles.si\/zaposlitev\/#breadcrumb"},"inLanguage":"en-GB","potentialAction":[{"@type":"ReadAction","target":["https:\/\/www.jeles.si\/zaposlitev\/"]}]},{"@type":"BreadcrumbList","@id":"https:\/\/www.jeles.si\/zaposlitev\/#breadcrumb","itemListElement":[{"@type":"ListItem","position":1,"name":"Home","item":"https:\/\/www.jeles.si\/"},{"@type":"ListItem","position":2,"name":"I\u0161\u010demo nove sodelavce"}]},{"@type":"WebSite","@id":"https:\/\/www.jeles.si\/#website","url":"https:\/\/www.jeles.si\/","name":"JELES","description":"Proizvodnja in trgovina z lesom","potentialAction":[{"@type":"SearchAction","target":{"@type":"EntryPoint","urlTemplate":"https:\/\/www.jeles.si\/?s={search_term_string}"},"query-input":"required name=search_term_string"}],"inLanguage":"en-GB"}]}},"_links":{"self":[{"href":"https:\/\/www.jeles.si\/en\/wp-json\/wp\/v2\/pages\/9937","targetHints":{"allow":["GET"]}}],"collection":[{"href":"https:\/\/www.jeles.si\/en\/wp-json\/wp\/v2\/pages"}],"about":[{"href":"https:\/\/www.jeles.si\/en\/wp-json\/wp\/v2\/types\/page"}],"author":[{"embeddable":true,"href":"https:\/\/www.jeles.si\/en\/wp-json\/wp\/v2\/users\/2"}],"replies":[{"embeddable":true,"href":"https:\/\/www.jeles.si\/en\/wp-json\/wp\/v2\/comments?post=9937"}],"version-history":[{"count":47,"href":"https:\/\/www.jeles.si\/en\/wp-json\/wp\/v2\/pages\/9937\/revisions"}],"predecessor-version":[{"id":11638,"href":"https:\/\/www.jeles.si\/en\/wp-json\/wp\/v2\/pages\/9937\/revisions\/11638"}],"wp:attachment":[{"href":"https:\/\/www.jeles.si\/en\/wp-json\/wp\/v2\/media?parent=9937"}],"curies":[{"name":"wp","href":"https:\/\/api.w.org\/{rel}","templated":true}]}}