{"id":2982,"date":"2021-10-04T14:42:11","date_gmt":"2021-10-04T12:42:11","guid":{"rendered":"https:\/\/www.jeles.si\/?post_type=product&#038;p=2982"},"modified":"2023-06-01T14:59:51","modified_gmt":"2023-06-01T12:59:51","slug":"naravni-robni-trak","status":"publish","type":"product","link":"https:\/\/www.jeles.si\/en\/prodajni-program\/robni-trakovi\/naravni-robni-trak\/","title":{"rendered":"Natural - edging tape"},"content":{"rendered":"<p>Natural edging tape is made from one or more layers of veneer. It is an indispensable accessory for carpenters, as a quality edge strip completely replaces massive labels. The hardware and machinery allows us to quickly make an edge strip from the same log.<\/p>\n<p>We have in our offer: <em><strong>1-layer<\/strong>, <strong>2-layers<\/strong>, <strong>3-layers<\/strong>, <strong>4-layers<\/strong> and <strong>5-layers<\/strong><\/em> edging tapes.<br \/>In classic widths: <em><strong>23mm<\/strong>, <strong>30mm<\/strong>, <strong>34mm<\/strong>, <strong>45 mm<\/strong> and <strong>54 mm<\/strong><\/em>.<\/p>\n<p><strong>We can also make other widths to order.<\/strong><\/p>","protected":false},"excerpt":{"rendered":"<p>Naravni robni trak je narejen iz enega ali ve\u010d slojev furnirja. V zadnjem \u010dasu je nepogre\u0161ljivi dodatek za mizarje, saj kvalitetni robni trak popolnoma nadome\u0161\u010da masivne nalimke. Strojna oprema nam omogo\u010da, da lahko pri bolj zahtevnih projektih hitro naredimo robni trak iz istega hloda, kot ga je stranka izbrala za ploskovno furniranje. V na\u0161i ponudbi&#8230;<\/p>","protected":false},"featured_media":2222,"template":"","meta":[],"product_cat":[75],"product_tag":[],"class_list":{"0":"post-2982","1":"product","2":"type-product","3":"status-publish","4":"has-post-thumbnail","6":"product_cat-robni-trakovi","8":"first","9":"instock","10":"shipping-taxable","11":"purchasable","12":"product-type-variable"},"yoast_head":"<!-- This site is optimized with the Yoast SEO plugin v23.3 - https:\/\/yoast.com\/wordpress\/plugins\/seo\/ -->\n<title>Naravni robni trak - JELES<\/title>\n<meta name=\"robots\" content=\"index, follow, max-snippet:-1, max-image-preview:large, max-video-preview:-1\" \/>\n<link rel=\"canonical\" href=\"https:\/\/www.jeles.si\/en\/prodajni-program\/robni-trakovi\/naravni-robni-trak\/\" \/>\n<meta property=\"og:locale\" content=\"en_GB\" \/>\n<meta property=\"og:type\" content=\"article\" \/>\n<meta property=\"og:title\" content=\"Naravni robni trak - JELES\" \/>\n<meta property=\"og:description\" content=\"Naravni robni trak je narejen iz enega ali ve\u010d slojev furnirja. V zadnjem \u010dasu je nepogre\u0161ljivi dodatek za mizarje, saj kvalitetni robni trak popolnoma nadome\u0161\u010da masivne nalimke. Strojna oprema nam omogo\u010da, da lahko pri bolj zahtevnih projektih hitro naredimo robni trak iz istega hloda, kot ga je stranka izbrala za ploskovno furniranje. V na\u0161i ponudbi...\" \/>\n<meta property=\"og:url\" content=\"https:\/\/www.jeles.si\/en\/prodajni-program\/robni-trakovi\/naravni-robni-trak\/\" \/>\n<meta property=\"og:site_name\" content=\"JELES\" \/>\n<meta property=\"article:publisher\" content=\"https:\/\/www.facebook.com\/jelesdoo\/\" \/>\n<meta property=\"article:modified_time\" content=\"2023-06-01T12:59:51+00:00\" \/>\n<meta property=\"og:image\" content=\"https:\/\/www.jeles.si\/wp-content\/uploads\/2021\/09\/rt1.jpg\" \/>\n\t<meta property=\"og:image:width\" content=\"450\" \/>\n\t<meta property=\"og:image:height\" content=\"450\" \/>\n\t<meta property=\"og:image:type\" content=\"image\/jpeg\" \/>\n<meta name=\"twitter:card\" content=\"summary_large_image\" \/>\n<script type=\"application\/ld+json\" class=\"yoast-schema-graph\">{\"@context\":\"https:\/\/schema.org\",\"@graph\":[{\"@type\":\"WebPage\",\"@id\":\"https:\/\/www.jeles.si\/prodajni-program\/robni-trakovi\/naravni-robni-trak\/\",\"url\":\"https:\/\/www.jeles.si\/prodajni-program\/robni-trakovi\/naravni-robni-trak\/\",\"name\":\"Naravni robni trak - JELES\",\"isPartOf\":{\"@id\":\"https:\/\/www.jeles.si\/#website\"},\"primaryImageOfPage\":{\"@id\":\"https:\/\/www.jeles.si\/prodajni-program\/robni-trakovi\/naravni-robni-trak\/#primaryimage\"},\"image\":{\"@id\":\"https:\/\/www.jeles.si\/prodajni-program\/robni-trakovi\/naravni-robni-trak\/#primaryimage\"},\"thumbnailUrl\":\"https:\/\/www.jeles.si\/wp-content\/uploads\/2021\/09\/rt1.jpg\",\"datePublished\":\"2021-10-04T12:42:11+00:00\",\"dateModified\":\"2023-06-01T12:59:51+00:00\",\"breadcrumb\":{\"@id\":\"https:\/\/www.jeles.si\/prodajni-program\/robni-trakovi\/naravni-robni-trak\/#breadcrumb\"},\"inLanguage\":\"en-GB\",\"potentialAction\":[{\"@type\":\"ReadAction\",\"target\":[\"https:\/\/www.jeles.si\/prodajni-program\/robni-trakovi\/naravni-robni-trak\/\"]}]},{\"@type\":\"ImageObject\",\"inLanguage\":\"en-GB\",\"@id\":\"https:\/\/www.jeles.si\/prodajni-program\/robni-trakovi\/naravni-robni-trak\/#primaryimage\",\"url\":\"https:\/\/www.jeles.si\/wp-content\/uploads\/2021\/09\/rt1.jpg\",\"contentUrl\":\"https:\/\/www.jeles.si\/wp-content\/uploads\/2021\/09\/rt1.jpg\",\"width\":450,\"height\":450,\"caption\":\"Robni trak\"},{\"@type\":\"BreadcrumbList\",\"@id\":\"https:\/\/www.jeles.si\/prodajni-program\/robni-trakovi\/naravni-robni-trak\/#breadcrumb\",\"itemListElement\":[{\"@type\":\"ListItem\",\"position\":1,\"name\":\"Home\",\"item\":\"https:\/\/www.jeles.si\/\"},{\"@type\":\"ListItem\",\"position\":2,\"name\":\"Prodajni program\",\"item\":\"https:\/\/www.jeles.si\/prodajni-program\/\"},{\"@type\":\"ListItem\",\"position\":3,\"name\":\"Naravni robni trak\"}]},{\"@type\":\"WebSite\",\"@id\":\"https:\/\/www.jeles.si\/#website\",\"url\":\"https:\/\/www.jeles.si\/\",\"name\":\"JELES\",\"description\":\"Proizvodnja in trgovina z lesom\",\"potentialAction\":[{\"@type\":\"SearchAction\",\"target\":{\"@type\":\"EntryPoint\",\"urlTemplate\":\"https:\/\/www.jeles.si\/?s={search_term_string}\"},\"query-input\":\"required name=search_term_string\"}],\"inLanguage\":\"en-GB\"}]}<\/script>\n<!-- \/ Yoast SEO plugin. -->","yoast_head_json":{"title":"Naravni robni trak - JELES","robots":{"index":"index","follow":"follow","max-snippet":"max-snippet:-1","max-image-preview":"max-image-preview:large","max-video-preview":"max-video-preview:-1"},"canonical":"https:\/\/www.jeles.si\/en\/prodajni-program\/robni-trakovi\/naravni-robni-trak\/","og_locale":"en_GB","og_type":"article","og_title":"Naravni robni trak - JELES","og_description":"Naravni robni trak je narejen iz enega ali ve\u010d slojev furnirja. V zadnjem \u010dasu je nepogre\u0161ljivi dodatek za mizarje, saj kvalitetni robni trak popolnoma nadome\u0161\u010da masivne nalimke. Strojna oprema nam omogo\u010da, da lahko pri bolj zahtevnih projektih hitro naredimo robni trak iz istega hloda, kot ga je stranka izbrala za ploskovno furniranje. V na\u0161i ponudbi...","og_url":"https:\/\/www.jeles.si\/en\/prodajni-program\/robni-trakovi\/naravni-robni-trak\/","og_site_name":"JELES","article_publisher":"https:\/\/www.facebook.com\/jelesdoo\/","article_modified_time":"2023-06-01T12:59:51+00:00","og_image":[{"width":450,"height":450,"url":"https:\/\/www.jeles.si\/wp-content\/uploads\/2021\/09\/rt1.jpg","type":"image\/jpeg"}],"twitter_card":"summary_large_image","schema":{"@context":"https:\/\/schema.org","@graph":[{"@type":"WebPage","@id":"https:\/\/www.jeles.si\/prodajni-program\/robni-trakovi\/naravni-robni-trak\/","url":"https:\/\/www.jeles.si\/prodajni-program\/robni-trakovi\/naravni-robni-trak\/","name":"Naravni robni trak - JELES","isPartOf":{"@id":"https:\/\/www.jeles.si\/#website"},"primaryImageOfPage":{"@id":"https:\/\/www.jeles.si\/prodajni-program\/robni-trakovi\/naravni-robni-trak\/#primaryimage"},"image":{"@id":"https:\/\/www.jeles.si\/prodajni-program\/robni-trakovi\/naravni-robni-trak\/#primaryimage"},"thumbnailUrl":"https:\/\/www.jeles.si\/wp-content\/uploads\/2021\/09\/rt1.jpg","datePublished":"2021-10-04T12:42:11+00:00","dateModified":"2023-06-01T12:59:51+00:00","breadcrumb":{"@id":"https:\/\/www.jeles.si\/prodajni-program\/robni-trakovi\/naravni-robni-trak\/#breadcrumb"},"inLanguage":"en-GB","potentialAction":[{"@type":"ReadAction","target":["https:\/\/www.jeles.si\/prodajni-program\/robni-trakovi\/naravni-robni-trak\/"]}]},{"@type":"ImageObject","inLanguage":"en-GB","@id":"https:\/\/www.jeles.si\/prodajni-program\/robni-trakovi\/naravni-robni-trak\/#primaryimage","url":"https:\/\/www.jeles.si\/wp-content\/uploads\/2021\/09\/rt1.jpg","contentUrl":"https:\/\/www.jeles.si\/wp-content\/uploads\/2021\/09\/rt1.jpg","width":450,"height":450,"caption":"Robni trak"},{"@type":"BreadcrumbList","@id":"https:\/\/www.jeles.si\/prodajni-program\/robni-trakovi\/naravni-robni-trak\/#breadcrumb","itemListElement":[{"@type":"ListItem","position":1,"name":"Home","item":"https:\/\/www.jeles.si\/"},{"@type":"ListItem","position":2,"name":"Prodajni program","item":"https:\/\/www.jeles.si\/prodajni-program\/"},{"@type":"ListItem","position":3,"name":"Naravni robni trak"}]},{"@type":"WebSite","@id":"https:\/\/www.jeles.si\/#website","url":"https:\/\/www.jeles.si\/","name":"JELES","description":"Proizvodnja in trgovina z lesom","potentialAction":[{"@type":"SearchAction","target":{"@type":"EntryPoint","urlTemplate":"https:\/\/www.jeles.si\/?s={search_term_string}"},"query-input":"required name=search_term_string"}],"inLanguage":"en-GB"}]}},"_links":{"self":[{"href":"https:\/\/www.jeles.si\/en\/wp-json\/wp\/v2\/product\/2982","targetHints":{"allow":["GET"]}}],"collection":[{"href":"https:\/\/www.jeles.si\/en\/wp-json\/wp\/v2\/product"}],"about":[{"href":"https:\/\/www.jeles.si\/en\/wp-json\/wp\/v2\/types\/product"}],"wp:featuredmedia":[{"embeddable":true,"href":"https:\/\/www.jeles.si\/en\/wp-json\/wp\/v2\/media\/2222"}],"wp:attachment":[{"href":"https:\/\/www.jeles.si\/en\/wp-json\/wp\/v2\/media?parent=2982"}],"wp:term":[{"taxonomy":"product_cat","embeddable":true,"href":"https:\/\/www.jeles.si\/en\/wp-json\/wp\/v2\/product_cat?post=2982"},{"taxonomy":"product_tag","embeddable":true,"href":"https:\/\/www.jeles.si\/en\/wp-json\/wp\/v2\/product_tag?post=2982"}],"curies":[{"name":"wp","href":"https:\/\/api.w.org\/{rel}","templated":true}]}}